{"id":137,"date":"2026-04-24T20:45:19","date_gmt":"2026-04-24T20:45:19","guid":{"rendered":"https:\/\/adsestrela.ubi.pt\/?page_id=137"},"modified":"2026-04-27T10:02:28","modified_gmt":"2026-04-27T10:02:28","slug":"mais-informacoes","status":"publish","type":"page","link":"https:\/\/adsestrela.pt\/index.php\/mais-informacoes\/","title":{"rendered":"Como Procurar Informa\u00e7\u00e3o"},"content":{"rendered":"\n<p>Atualmente, \u00e9 comum recorrer ao Google quando surgem d\u00favidas ou sintomas. No caso da diabetes, isso pode ser \u00fatil \u2014 mas tamb\u00e9m&nbsp;pode gerar confus\u00e3o ou at\u00e9 levar a informa\u00e7\u00e3o incorreta. A internet tem&nbsp;<strong>conte\u00fados de grande qualidade<\/strong>, mas tamb\u00e9m&nbsp;inclui mitos, desinforma\u00e7\u00e3o e opini\u00f5es sem base cient\u00edfica.<\/p>\n\n\n\n<p>Por isso, \u00e9 essencial desenvolver algum&nbsp;<strong>esp\u00edrito cr\u00edtico<\/strong>&nbsp;na pesquisa online: perceber&nbsp;quem criou&nbsp;o conte\u00fado, se a&nbsp;fonte \u00e9 confi\u00e1vel&nbsp;e se a&nbsp;informa\u00e7\u00e3o \u00e9 clara&nbsp;e completa. Al\u00e9m disso, importa refor\u00e7ar que&nbsp;<strong>a internet n\u00e3o substitui o aconselhamento de um profissional de sa\u00fade<\/strong>.<\/p>\n\n\n\n<p>Ferramentas como chatbots de intelig\u00eancia artificial podem ajudar a resumir informa\u00e7\u00e3o, mas devem ser usadas com cautela. O mesmo se aplica \u00e0s redes sociais, onde nem sempre \u00e9 f\u00e1cil distinguir conte\u00fados fi\u00e1veis de opini\u00f5es pessoais.<\/p>\n\n\n\n<p><strong>Em suma, a internet pode ser uma grande aliada na gest\u00e3o da diabetes \u2014 desde que utilizada de forma informada e respons\u00e1vel.<\/strong><\/p>\n","protected":false},"excerpt":{"rendered":"<p>Atualmente, \u00e9 comum recorrer ao Google quando surgem d\u00favidas ou sintomas. No caso da diabetes, isso pode ser \u00fatil \u2014 mas tamb\u00e9m&nbsp;pode gerar confus\u00e3o ou at\u00e9 levar a informa\u00e7\u00e3o incorreta. A internet tem&nbsp;conte\u00fados de grande qualidade, mas tamb\u00e9m&nbsp;inclui mitos, desinforma\u00e7\u00e3o e opini\u00f5es sem base cient\u00edfica. Por isso, \u00e9 essencial desenvolver algum&nbsp;esp\u00edrito cr\u00edtico&nbsp;na pesquisa online: perceber&nbsp;quem [&hellip;]<\/p>\n","protected":false},"author":1,"featured_media":0,"parent":0,"menu_order":0,"comment_status":"closed","ping_status":"closed","template":"","meta":{"footnotes":""},"class_list":["post-137","page","type-page","status-publish","hentry"],"_links":{"self":[{"href":"https:\/\/adsestrela.pt\/index.php\/wp-json\/wp\/v2\/pages\/137","targetHints":{"allow":["GET"]}}],"collection":[{"href":"https:\/\/adsestrela.pt\/index.php\/wp-json\/wp\/v2\/pages"}],"about":[{"href":"https:\/\/adsestrela.pt\/index.php\/wp-json\/wp\/v2\/types\/page"}],"author":[{"embeddable":true,"href":"https:\/\/adsestrela.pt\/index.php\/wp-json\/wp\/v2\/users\/1"}],"replies":[{"embeddable":true,"href":"https:\/\/adsestrela.pt\/index.php\/wp-json\/wp\/v2\/comments?post=137"}],"version-history":[{"count":2,"href":"https:\/\/adsestrela.pt\/index.php\/wp-json\/wp\/v2\/pages\/137\/revisions"}],"predecessor-version":[{"id":150,"href":"https:\/\/adsestrela.pt\/index.php\/wp-json\/wp\/v2\/pages\/137\/revisions\/150"}],"wp:attachment":[{"href":"https:\/\/adsestrela.pt\/index.php\/wp-json\/wp\/v2\/media?parent=137"}],"curies":[{"name":"wp","href":"https:\/\/api.w.org\/{rel}","templated":true}]}}